{"id":97,"date":"2023-03-09T12:56:04","date_gmt":"2023-03-09T12:56:04","guid":{"rendered":"https:\/\/tecnologia.vamtam.com\/?page_id=97"},"modified":"2023-03-09T12:56:04","modified_gmt":"2023-03-09T12:56:04","slug":"case-studies","status":"publish","type":"page","link":"https:\/\/lanovatic.com\/fr\/case-studies\/","title":{"rendered":"\u00c9tudes de cas"},"content":{"rendered":"<div data-elementor-type=\"wp-page\" data-elementor-id=\"97\" class=\"elementor elementor-97\" data-elementor-post-type=\"page\">\n\t\t\t\t\t\t<section class=\"elementor-section elementor-top-section elementor-element elementor-element-0c613a8 elementor-section-boxed elementor-section-height-default elementor-section-height-default\" data-id=\"0c613a8\" data-element_type=\"section\">\n\t\t\t\t\t\t<div class=\"elementor-container elementor-column-gap-default\">\n\t\t\t\t\t<div class=\"elementor-column elementor-col-100 elementor-top-column elementor-element elementor-element-d661024\" data-id=\"d661024\" data-element_type=\"column\">\n\t\t\t<div class=\"elementor-widget-wrap elementor-element-populated\">\n\t\t\t\t\t\t<div class=\"elementor-element elementor-element-5d25c10 animated-slow elementor-invisible elementor-widget elementor-widget-heading\" data-id=\"5d25c10\" data-element_type=\"widget\" data-settings=\"{&quot;_animation&quot;:&quot;fadeIn&quot;,&quot;_animation_tablet&quot;:&quot;none&quot;}\" data-widget_type=\"heading.default\">\n\t\t\t\t<div class=\"elementor-widget-container\">\n\t\t\t<style>\/*! elementor - v3.21.0 - 18-04-2024 *\/\n.elementor-heading-title{padding:0;margin:0;line-height:1}.elementor-widget-heading .elementor-heading-title[class*=elementor-size-]>a{color:inherit;font-size:inherit;line-height:inherit}.elementor-widget-heading .elementor-heading-title.elementor-size-small{font-size:15px}.elementor-widget-heading .elementor-heading-title.elementor-size-medium{font-size:19px}.elementor-widget-heading .elementor-heading-title.elementor-size-large{font-size:29px}.elementor-widget-heading .elementor-heading-title.elementor-size-xl{font-size:39px}.elementor-widget-heading .elementor-heading-title.elementor-size-xxl{font-size:59px}<\/style><h1 class=\"elementor-heading-title elementor-size-default\">Featured case studies<\/h1>\t\t<\/div>\n\t\t\t\t<\/div>\n\t\t\t\t<div class=\"elementor-element elementor-element-1604133 elementor-widget elementor-widget-spacer\" data-id=\"1604133\" data-element_type=\"widget\" data-widget_type=\"spacer.default\">\n\t\t\t\t<div class=\"elementor-widget-container\">\n\t\t\t<style>\/*! elementor - v3.21.0 - 18-04-2024 *\/\n.elementor-column .elementor-spacer-inner{height:var(--spacer-size)}.e-con{--container-widget-width:100%}.e-con-inner>.elementor-widget-spacer,.e-con>.elementor-widget-spacer{width:var(--container-widget-width,var(--spacer-size));--align-self:var(--container-widget-align-self,initial);--flex-shrink:0}.e-con-inner>.elementor-widget-spacer>.elementor-widget-container,.e-con>.elementor-widget-spacer>.elementor-widget-container{height:100%;width:100%}.e-con-inner>.elementor-widget-spacer>.elementor-widget-container>.elementor-spacer,.e-con>.elementor-widget-spacer>.elementor-widget-container>.elementor-spacer{height:100%}.e-con-inner>.elementor-widget-spacer>.elementor-widget-container>.elementor-spacer>.elementor-spacer-inner,.e-con>.elementor-widget-spacer>.elementor-widget-container>.elementor-spacer>.elementor-spacer-inner{height:var(--container-widget-height,var(--spacer-size))}.e-con-inner>.elementor-widget-spacer.elementor-widget-empty,.e-con>.elementor-widget-spacer.elementor-widget-empty{position:relative;min-height:22px;min-width:22px}.e-con-inner>.elementor-widget-spacer.elementor-widget-empty .elementor-widget-empty-icon,.e-con>.elementor-widget-spacer.elementor-widget-empty .elementor-widget-empty-icon{position:absolute;top:0;bottom:0;left:0;right:0;margin:auto;padding:0;width:22px;height:22px}<\/style>\t\t<div class=\"elementor-spacer\">\n\t\t\t<div class=\"elementor-spacer-inner\"><\/div>\n\t\t<\/div>\n\t\t\t\t<\/div>\n\t\t\t\t<\/div>\n\t\t\t\t\t<\/div>\n\t\t<\/div>\n\t\t\t\t\t<\/div>\n\t\t<\/section>\n\t\t\t\t<section class=\"elementor-section elementor-top-section elementor-element elementor-element-363af35 elementor-section-boxed elementor-section-height-default elementor-section-height-default\" data-id=\"363af35\" data-element_type=\"section\">\n\t\t\t\t\t\t<div class=\"elementor-container elementor-column-gap-no\">\n\t\t\t\t\t<div class=\"elementor-column elementor-col-100 elementor-top-column elementor-element elementor-element-4f1c375\" data-id=\"4f1c375\" data-element_type=\"column\">\n\t\t\t<div class=\"elementor-widget-wrap elementor-element-populated\">\n\t\t\t\t\t\t<div class=\"vamtam-has-theme-widget-styles elementor-element elementor-element-f02dd7f elementor-grid-tablet-3 elementor-grid-3 elementor-grid-mobile-1 elementor-posts--thumbnail-top load-more-align-center elementor-widget elementor-widget-posts\" data-id=\"f02dd7f\" data-element_type=\"widget\" data-settings=\"{&quot;pagination_type&quot;:&quot;load_more_on_click&quot;,&quot;vamtam_classic_columns_tablet&quot;:&quot;3&quot;,&quot;vamtam_classic_row_gap&quot;:{&quot;unit&quot;:&quot;px&quot;,&quot;size&quot;:40,&quot;sizes&quot;:[]},&quot;vamtam_classic_row_gap_tablet&quot;:{&quot;unit&quot;:&quot;px&quot;,&quot;size&quot;:30,&quot;sizes&quot;:[]},&quot;vamtam_classic_columns&quot;:&quot;3&quot;,&quot;vamtam_classic_columns_mobile&quot;:&quot;1&quot;,&quot;vamtam_classic_row_gap_mobile&quot;:{&quot;unit&quot;:&quot;px&quot;,&quot;size&quot;:&quot;&quot;,&quot;sizes&quot;:[]},&quot;load_more_spinner&quot;:{&quot;value&quot;:&quot;fas fa-spinner&quot;,&quot;library&quot;:&quot;fa-solid&quot;}}\" data-widget_type=\"posts.vamtam_classic\">\n\t\t\t\t<div class=\"elementor-widget-container\">\n\t\t\t<link rel=\"stylesheet\" href=\"https:\/\/lanovatic.com\/wp-content\/plugins\/elementor-pro\/assets\/css\/widget-posts.min.css\">\t\t<div class=\"elementor-posts-container elementor-posts elementor-posts--skin-vamtam_classic elementor-grid\">\n\t\t\t\t<article class=\"elementor-post elementor-grid-item post-988035 post type-post status-publish format-standard hentry category-experience\">\n\t\t\t\t\t<div class=\"elementor-post__meta-data\">\n\t\t\t\t\t\t\t<div class=\"vamtam-post__categories\">\n\t\t\t\t<a href=\"https:\/\/lanovatic.com\/fr\/category\/case-studies\/experience\/\" rel=\"category tag\">Experience<\/a>\t\t\t<\/div>\n\t\t\t\t\t\t<\/div>\n\t\t\t\t\t<div class=\"elementor-post__text\">\n\t\t\t\t<h3 class=\"elementor-post__title\">\n\t\t\t<a href=\"https:\/\/lanovatic.com\/fr\/blog-taslim\/\" >\n\t\t\t\tTaslim\t\t\t<\/a>\n\t\t<\/h3>\n\t\t\t\t<div class=\"elementor-post__excerpt\">\n\t\t\t<p>Lanovatic est fier d&#8217;avoir collabor\u00e9 avec la startup Taslim pour d\u00e9velopper deux applications mobiles d\u00e9di\u00e9es \u00e0 la livraison: une pour les livreurs et une pour<\/p>\n\t\t<\/div>\n\t\t\t\t\t<div class=\"elementor-post__read-more-wrapper\">\n\t\t\n\t\t<a class=\"elementor-post__read-more\" href=\"https:\/\/lanovatic.com\/fr\/blog-taslim\/\" aria-label=\"En savoir plus sur Taslim\" tabindex=\"-1\" >\n\t\t\tEncore plus\t\t<\/a>\n\n\t\t\t\t\t<\/div>\n\t\t\t\t<\/div>\n\t\t\t\t<\/article>\n\t\t\t\t<article class=\"elementor-post elementor-grid-item post-988030 post type-post status-publish format-standard hentry category-experience\">\n\t\t\t\t\t<div class=\"elementor-post__meta-data\">\n\t\t\t\t\t\t\t<div class=\"vamtam-post__categories\">\n\t\t\t\t<a href=\"https:\/\/lanovatic.com\/fr\/category\/case-studies\/experience\/\" rel=\"category tag\">Experience<\/a>\t\t\t<\/div>\n\t\t\t\t\t\t<\/div>\n\t\t\t\t\t<div class=\"elementor-post__text\">\n\t\t\t\t<h3 class=\"elementor-post__title\">\n\t\t\t<a href=\"https:\/\/lanovatic.com\/fr\/dlc-ia\/\" >\n\t\t\t\tDLC &#8211; IA &#8211;\t\t\t<\/a>\n\t\t<\/h3>\n\t\t\t\t<div class=\"elementor-post__excerpt\">\n\t\t\t<p>DLC est une intelligence artificielle innovante con\u00e7ue pour r\u00e9volutionner la gestion de l'industrie alimentaire et r\u00e9duire significativement le gaspillage alimentaire.<\/p>\n\t\t<\/div>\n\t\t\t\t\t<div class=\"elementor-post__read-more-wrapper\">\n\t\t\n\t\t<a class=\"elementor-post__read-more\" href=\"https:\/\/lanovatic.com\/fr\/dlc-ia\/\" aria-label=\"En savoir plus sur DLC &#8211; IA &#8211;\" tabindex=\"-1\" >\n\t\t\tEncore plus\t\t<\/a>\n\n\t\t\t\t\t<\/div>\n\t\t\t\t<\/div>\n\t\t\t\t<\/article>\n\t\t\t\t<article class=\"elementor-post elementor-grid-item post-988025 post type-post status-publish format-standard hentry category-experience\">\n\t\t\t\t\t<div class=\"elementor-post__meta-data\">\n\t\t\t\t\t\t\t<div class=\"vamtam-post__categories\">\n\t\t\t\t<a href=\"https:\/\/lanovatic.com\/fr\/category\/case-studies\/experience\/\" rel=\"category tag\">Experience<\/a>\t\t\t<\/div>\n\t\t\t\t\t\t<\/div>\n\t\t\t\t\t<div class=\"elementor-post__text\">\n\t\t\t\t<h3 class=\"elementor-post__title\">\n\t\t\t<a href=\"https:\/\/lanovatic.com\/fr\/sweaka\/\" >\n\t\t\t\tSweaka\t\t\t<\/a>\n\t\t<\/h3>\n\t\t\t\t<div class=\"elementor-post__excerpt\">\n\t\t\t<p>Le projet Sweaka est n\u00e9 de la n\u00e9cessit\u00e9 de r\u00e9pondre aux d\u00e9fis complexes rencontr\u00e9s par nos clients dans la gestion quotidienne de leurs entrep\u00f4ts. Notre objectif<\/p>\n\t\t<\/div>\n\t\t\t\t\t<div class=\"elementor-post__read-more-wrapper\">\n\t\t\n\t\t<a class=\"elementor-post__read-more\" href=\"https:\/\/lanovatic.com\/fr\/sweaka\/\" aria-label=\"En savoir plus sur Sweaka\" tabindex=\"-1\" >\n\t\t\tEncore plus\t\t<\/a>\n\n\t\t\t\t\t<\/div>\n\t\t\t\t<\/div>\n\t\t\t\t<\/article>\n\t\t\t\t<article class=\"elementor-post elementor-grid-item post-988020 post type-post status-publish format-standard hentry category-experience\">\n\t\t\t\t\t<div class=\"elementor-post__meta-data\">\n\t\t\t\t\t\t\t<div class=\"vamtam-post__categories\">\n\t\t\t\t<a href=\"https:\/\/lanovatic.com\/fr\/category\/case-studies\/experience\/\" rel=\"category tag\">Experience<\/a>\t\t\t<\/div>\n\t\t\t\t\t\t<\/div>\n\t\t\t\t\t<div class=\"elementor-post__text\">\n\t\t\t\t<h3 class=\"elementor-post__title\">\n\t\t\t<a href=\"https:\/\/lanovatic.com\/fr\/etpbh-tazegait\/\" >\n\t\t\t\tETPBH TAZEGAIT\t\t\t<\/a>\n\t\t<\/h3>\n\t\t\t\t<div class=\"elementor-post__excerpt\">\n\t\t\t<p>Fond\u00e9e en 1982, ETPBH TAZEGAIT se distingue dans les secteurs de l'hydraulique, des travaux publics et du b\u00e2timent. Lanovatic a jou\u00e9 un r\u00f4le essentiel dans la cr\u00e9ation de leur pr\u00e9sence en ligne et dans leur succ\u00e8s dans l'environnement num\u00e9rique moderne.<\/p>\n\t\t<\/div>\n\t\t\t\t\t<div class=\"elementor-post__read-more-wrapper\">\n\t\t\n\t\t<a class=\"elementor-post__read-more\" href=\"https:\/\/lanovatic.com\/fr\/etpbh-tazegait\/\" aria-label=\"En savoir plus sur ETPBH TAZEGAIT\" tabindex=\"-1\" >\n\t\t\tEncore plus\t\t<\/a>\n\n\t\t\t\t\t<\/div>\n\t\t\t\t<\/div>\n\t\t\t\t<\/article>\n\t\t\t\t<article class=\"elementor-post elementor-grid-item post-988015 post type-post status-publish format-standard hentry category-experience\">\n\t\t\t\t\t<div class=\"elementor-post__meta-data\">\n\t\t\t\t\t\t\t<div class=\"vamtam-post__categories\">\n\t\t\t\t<a href=\"https:\/\/lanovatic.com\/fr\/category\/case-studies\/experience\/\" rel=\"category tag\">Experience<\/a>\t\t\t<\/div>\n\t\t\t\t\t\t<\/div>\n\t\t\t\t\t<div class=\"elementor-post__text\">\n\t\t\t\t<h3 class=\"elementor-post__title\">\n\t\t\t<a href=\"https:\/\/lanovatic.com\/fr\/la-telloise\/\" >\n\t\t\t\tLa Telloise\t\t\t<\/a>\n\t\t<\/h3>\n\t\t\t\t<div class=\"elementor-post__excerpt\">\n\t\t\t<p>Depuis les ann\u00e9es 1990, La Telloise se distingue dans le domaine de la fabrication alimentaire. Gr\u00e2ce \u00e0 l'aide de Lanovatic, le groupe a pu \u00e9tendre son influence en ligne en d\u00e9veloppant une pr\u00e9sence num\u00e9rique solide et efficace.<\/p>\n\t\t<\/div>\n\t\t\t\t\t<div class=\"elementor-post__read-more-wrapper\">\n\t\t\n\t\t<a class=\"elementor-post__read-more\" href=\"https:\/\/lanovatic.com\/fr\/la-telloise\/\" aria-label=\"En savoir plus sur La Telloise\" tabindex=\"-1\" >\n\t\t\tEncore plus\t\t<\/a>\n\n\t\t\t\t\t<\/div>\n\t\t\t\t<\/div>\n\t\t\t\t<\/article>\n\t\t\t\t<article class=\"elementor-post elementor-grid-item post-988010 post type-post status-publish format-standard hentry category-experience category-non-classe\">\n\t\t\t\t\t<div class=\"elementor-post__meta-data\">\n\t\t\t\t\t\t\t<div class=\"vamtam-post__categories\">\n\t\t\t\t<a href=\"https:\/\/lanovatic.com\/fr\/category\/case-studies\/experience\/\" rel=\"category tag\">Experience<\/a>, <a href=\"https:\/\/lanovatic.com\/fr\/category\/non-classe\/\" rel=\"category tag\">Non class\u00e9<\/a>\t\t\t<\/div>\n\t\t\t\t\t\t<\/div>\n\t\t\t\t\t<div class=\"elementor-post__text\">\n\t\t\t\t<h3 class=\"elementor-post__title\">\n\t\t\t<a href=\"https:\/\/lanovatic.com\/fr\/groupe-seva\/\" >\n\t\t\t\tGroupe SEVA\t\t\t<\/a>\n\t\t<\/h3>\n\t\t\t\t<div class=\"elementor-post__excerpt\">\n\t\t\t<p>Seva se distingue dans l'industrie du recyclage automobile en mettant l'accent sur la r\u00e9utilisation des v\u00e9hicules accident\u00e9s et des pi\u00e8ces d\u00e9tach\u00e9es. Leur approche novatrice a un impact significatif sur la durabilit\u00e9 et l'\u00e9conomie circulaire.<\/p>\n\t\t<\/div>\n\t\t\t\t\t<div class=\"elementor-post__read-more-wrapper\">\n\t\t\n\t\t<a class=\"elementor-post__read-more\" href=\"https:\/\/lanovatic.com\/fr\/groupe-seva\/\" aria-label=\"En savoir plus sur Groupe SEVA\" tabindex=\"-1\" >\n\t\t\tEncore plus\t\t<\/a>\n\n\t\t\t\t\t<\/div>\n\t\t\t\t<\/div>\n\t\t\t\t<\/article>\n\t\t\t\t<article class=\"elementor-post elementor-grid-item post-988005 post type-post status-publish format-standard hentry category-experience\">\n\t\t\t\t\t<div class=\"elementor-post__meta-data\">\n\t\t\t\t\t\t\t<div class=\"vamtam-post__categories\">\n\t\t\t\t<a href=\"https:\/\/lanovatic.com\/fr\/category\/case-studies\/experience\/\" rel=\"category tag\">Experience<\/a>\t\t\t<\/div>\n\t\t\t\t\t\t<\/div>\n\t\t\t\t\t<div class=\"elementor-post__text\">\n\t\t\t\t<h3 class=\"elementor-post__title\">\n\t\t\t<a href=\"https:\/\/lanovatic.com\/fr\/recycle-auto-pieces\/\" >\n\t\t\t\tRecycle Auto Pi\u00e8ces\t\t\t<\/a>\n\t\t<\/h3>\n\t\t\t\t<div class=\"elementor-post__excerpt\">\n\t\t\t<p>RecycleAutoPiece est une entreprise sp\u00e9cialis\u00e9e dans la vente de voitures accident\u00e9es et de pi\u00e8ces d'occasion. Nous avons eu le privil\u00e8ge de collaborer avec<\/p>\n\t\t<\/div>\n\t\t\t\t\t<div class=\"elementor-post__read-more-wrapper\">\n\t\t\n\t\t<a class=\"elementor-post__read-more\" href=\"https:\/\/lanovatic.com\/fr\/recycle-auto-pieces\/\" aria-label=\"En savoir plus sur Recycle Auto Pi\u00e8ces\" tabindex=\"-1\" >\n\t\t\tEncore plus\t\t<\/a>\n\n\t\t\t\t\t<\/div>\n\t\t\t\t<\/div>\n\t\t\t\t<\/article>\n\t\t\t\t<article class=\"elementor-post elementor-grid-item post-987993 post type-post status-publish format-standard hentry category-experience\">\n\t\t\t\t\t<div class=\"elementor-post__meta-data\">\n\t\t\t\t\t\t\t<div class=\"vamtam-post__categories\">\n\t\t\t\t<a href=\"https:\/\/lanovatic.com\/fr\/category\/case-studies\/experience\/\" rel=\"category tag\">Experience<\/a>\t\t\t<\/div>\n\t\t\t\t\t\t<\/div>\n\t\t\t\t\t<div class=\"elementor-post__text\">\n\t\t\t\t<h3 class=\"elementor-post__title\">\n\t\t\t<a href=\"https:\/\/lanovatic.com\/fr\/groupe-labelle-algerie\/\" >\n\t\t\t\tGroupe Labelle Alg\u00e9rie\t\t\t<\/a>\n\t\t<\/h3>\n\t\t\t\t<div class=\"elementor-post__excerpt\">\n\t\t\t<p>Lanovatic a eu le privil\u00e8ge de collaborer avec Groupe Labelle, un leader dans l'industrie alimentaire, pour cr\u00e9er un site web vitrine dynamique et fonctionnel. Voici comment<\/p>\n\t\t<\/div>\n\t\t\t\t\t<div class=\"elementor-post__read-more-wrapper\">\n\t\t\n\t\t<a class=\"elementor-post__read-more\" href=\"https:\/\/lanovatic.com\/fr\/groupe-labelle-algerie\/\" aria-label=\"En savoir plus sur Groupe Labelle Alg\u00e9rie\" tabindex=\"-1\" >\n\t\t\tEncore plus\t\t<\/a>\n\n\t\t\t\t\t<\/div>\n\t\t\t\t<\/div>\n\t\t\t\t<\/article>\n\t\t\t\t<article class=\"elementor-post elementor-grid-item post-2463 post type-post status-publish format-standard has-post-thumbnail hentry category-cloud-hosting tag-banks-insurance\">\n\t\t\t\t<a class=\"elementor-post__thumbnail__link\" href=\"https:\/\/lanovatic.com\/fr\/major-insurance-provider-saves-750k-per-month-with-big-data-migration\/\" tabindex=\"-1\" >\n\t\t\t<div class=\"elementor-post__thumbnail\"><img fetchpriority=\"high\" decoding=\"async\" width=\"1024\" height=\"743\" src=\"https:\/\/lanovatic.com\/wp-content\/uploads\/2023\/03\/Insurance-1024x743.jpg\" class=\"attachment-large size-large wp-image-7860\" alt=\"\" srcset=\"https:\/\/lanovatic.com\/wp-content\/uploads\/2023\/03\/Insurance-1024x743.jpg 1024w, https:\/\/lanovatic.com\/wp-content\/uploads\/2023\/03\/Insurance-300x218.jpg 300w, https:\/\/lanovatic.com\/wp-content\/uploads\/2023\/03\/Insurance-768x557.jpg 768w, https:\/\/lanovatic.com\/wp-content\/uploads\/2023\/03\/Insurance.jpg 1310w\" sizes=\"(max-width: 1024px) 100vw, 1024px\" \/><\/div>\n\t\t<\/a>\n\t\t\t\t\t<div class=\"elementor-post__meta-data\">\n\t\t\t\t\t\t\t<div class=\"vamtam-post__categories\">\n\t\t\t\t<a href=\"https:\/\/lanovatic.com\/fr\/category\/case-studies\/cloud-hosting\/\" rel=\"category tag\">Cloud Hosting<\/a>\t\t\t<\/div>\n\t\t\t\t\t\t<\/div>\n\t\t\t\t\t<div class=\"elementor-post__text\">\n\t\t\t\t<h3 class=\"elementor-post__title\">\n\t\t\t<a href=\"https:\/\/lanovatic.com\/fr\/major-insurance-provider-saves-750k-per-month-with-big-data-migration\/\" >\n\t\t\t\tUn important fournisseur d'assurance \u00e9conomise 750 000 $ par mois gr\u00e2ce \u00e0 la migration du Big Data\t\t\t<\/a>\n\t\t<\/h3>\n\t\t\t\t<div class=\"elementor-post__excerpt\">\n\t\t\t<p>L'entreprise devait r\u00e9aliser une migration complexe dans des d\u00e9lais serr\u00e9s pour \u00e9viter des millions de dollars en frais et amendes post-contrat.<\/p>\n<p>\n<br \/>\n\u2714\ufe0e Infrastructures modernes<br \/>\n\u2714\ufe0e Services de conseil<\/p>\n<p>\n\t\t<\/div>\n\t\t\t\t\t<div class=\"elementor-post__read-more-wrapper\">\n\t\t\n\t\t<a class=\"elementor-post__read-more\" href=\"https:\/\/lanovatic.com\/fr\/major-insurance-provider-saves-750k-per-month-with-big-data-migration\/\" aria-label=\"En savoir plus sur Major Insurance Provider Saves $750k per Month With Big Data Migration\" tabindex=\"-1\" >\n\t\t\tEncore plus\t\t<\/a>\n\n\t\t\t\t\t<\/div>\n\t\t\t\t<\/div>\n\t\t\t\t<\/article>\n\t\t\t\t<\/div>\n\t\t\t\t\t<span class=\"e-load-more-spinner\">\n\t\t\t\t<svg aria-hidden=\"true\" class=\"e-font-icon-svg e-fas-spinner\" viewbox=\"0 0 512 512\" xmlns=\"http:\/\/www.w3.org\/2000\/svg\"><path d=\"M304 48c0 26.51-21.49 48-48 48s-48-21.49-48-48 21.49-48 48-48 48 21.49 48 48zm-48 368c-26.51 0-48 21.49-48 48s21.49 48 48 48 48-21.49 48-48-21.49-48-48-48zm208-208c-26.51 0-48 21.49-48 48s21.49 48 48 48 48-21.49 48-48-21.49-48-48-48zM96 256c0-26.51-21.49-48-48-48S0 229.49 0 256s21.49 48 48 48 48-21.49 48-48zm12.922 99.078c-26.51 0-48 21.49-48 48s21.49 48 48 48 48-21.49 48-48c0-26.509-21.491-48-48-48zm294.156 0c-26.51 0-48 21.49-48 48s21.49 48 48 48 48-21.49 48-48c0-26.509-21.49-48-48-48zM108.922 60.922c-26.51 0-48 21.49-48 48s21.49 48 48 48 48-21.49 48-48-21.491-48-48-48z\"><\/path><\/svg>\t\t\t<\/span>\n\t\t\n\t\t\t\t<div class=\"e-load-more-anchor\" data-page=\"1\" data-max-page=\"2\" data-next-page=\"https:\/\/lanovatic.com\/fr\/wp-json\/wp\/v2\/pages\/97\/page\/2\/\"><\/div>\n\t\t\t\t<div class=\"elementor-button-wrapper\">\n\t\t\t<a href=\"#\" class=\"elementor-button-link elementor-button\" role=\"button\">\n\t\t\t\t\t\t<span class=\"elementor-button-content-wrapper\">\n\t\t\t\t\t\t<span class=\"elementor-button-text\">Load More<\/span>\n\t\t<\/span>\n\t\t\t\t\t<\/a>\n\t\t<\/div>\n\t\t\t\t<div class=\"e-load-more-message\"><\/div>\n\t\t\t\t<\/div>\n\t\t\t\t<\/div>\n\t\t\t\t\t<\/div>\n\t\t<\/div>\n\t\t\t\t\t<\/div>\n\t\t<\/section>\n\t\t\t\t<\/div>","protected":false},"excerpt":{"rendered":"<p>Featured case studies<\/p>","protected":false},"author":5,"featured_media":0,"parent":0,"menu_order":0,"comment_status":"closed","ping_status":"closed","template":"","meta":{"footnotes":""},"class_list":["post-97","page","type-page","status-publish","hentry"],"yoast_head":"<!-- This site is optimized with the Yoast SEO plugin v22.5 - https:\/\/yoast.com\/wordpress\/plugins\/seo\/ -->\n<title>Case studies - LANOVATIC<\/title>\n<meta name=\"robots\" content=\"index, follow, max-snippet:-1, max-image-preview:large, max-video-preview:-1\" \/>\n<link rel=\"canonical\" href=\"https:\/\/lanovatic.com\/fr\/case-studies\/\" \/>\n<meta property=\"og:locale\" content=\"fr_FR\" \/>\n<meta property=\"og:type\" content=\"article\" \/>\n<meta property=\"og:title\" content=\"Case studies - LANOVATIC\" \/>\n<meta property=\"og:description\" content=\"Featured case studies\" \/>\n<meta property=\"og:url\" content=\"https:\/\/lanovatic.com\/fr\/case-studies\/\" \/>\n<meta property=\"og:site_name\" content=\"LANOVATIC\" \/>\n<meta property=\"article:publisher\" content=\"https:\/\/www.facebook.com\/lanovatic.inc\" \/>\n<meta name=\"twitter:card\" content=\"summary_large_image\" \/>\n<meta name=\"twitter:site\" content=\"@lanovatic\" \/>\n<script type=\"application\/ld+json\" class=\"yoast-schema-graph\">{\"@context\":\"https:\/\/schema.org\",\"@graph\":[{\"@type\":\"WebPage\",\"@id\":\"https:\/\/lanovatic.com\/case-studies\/\",\"url\":\"https:\/\/lanovatic.com\/case-studies\/\",\"name\":\"Case studies - LANOVATIC\",\"isPartOf\":{\"@id\":\"http:\/\/lanovatic.com\/#website\"},\"datePublished\":\"2023-03-09T12:56:04+00:00\",\"dateModified\":\"2023-03-09T12:56:04+00:00\",\"breadcrumb\":{\"@id\":\"https:\/\/lanovatic.com\/case-studies\/#breadcrumb\"},\"inLanguage\":\"fr-FR\",\"potentialAction\":[{\"@type\":\"ReadAction\",\"target\":[\"https:\/\/lanovatic.com\/case-studies\/\"]}]},{\"@type\":\"BreadcrumbList\",\"@id\":\"https:\/\/lanovatic.com\/case-studies\/#breadcrumb\",\"itemListElement\":[{\"@type\":\"ListItem\",\"position\":1,\"name\":\"Home\",\"item\":\"https:\/\/lanovatic.com\/fr\/\"},{\"@type\":\"ListItem\",\"position\":2,\"name\":\"Case studies\"}]},{\"@type\":\"WebSite\",\"@id\":\"http:\/\/lanovatic.com\/#website\",\"url\":\"http:\/\/lanovatic.com\/\",\"name\":\"LANOVATIC\",\"description\":\"Innovate with LANOVATIC: Where Ideas Take Flight!\",\"publisher\":{\"@id\":\"http:\/\/lanovatic.com\/#organization\"},\"potentialAction\":[{\"@type\":\"SearchAction\",\"target\":{\"@type\":\"EntryPoint\",\"urlTemplate\":\"http:\/\/lanovatic.com\/?s={search_term_string}\"},\"query-input\":\"required name=search_term_string\"}],\"inLanguage\":\"fr-FR\"},{\"@type\":\"Organization\",\"@id\":\"http:\/\/lanovatic.com\/#organization\",\"name\":\"LANOVATIC\",\"url\":\"http:\/\/lanovatic.com\/\",\"logo\":{\"@type\":\"ImageObject\",\"inLanguage\":\"fr-FR\",\"@id\":\"http:\/\/lanovatic.com\/#\/schema\/logo\/image\/\",\"url\":\"https:\/\/lanovatic.com\/wp-content\/uploads\/2023\/03\/output-onlinepngtools.png\",\"contentUrl\":\"https:\/\/lanovatic.com\/wp-content\/uploads\/2023\/03\/output-onlinepngtools.png\",\"width\":828,\"height\":246,\"caption\":\"LANOVATIC\"},\"image\":{\"@id\":\"http:\/\/lanovatic.com\/#\/schema\/logo\/image\/\"},\"sameAs\":[\"https:\/\/www.facebook.com\/lanovatic.inc\",\"https:\/\/x.com\/lanovatic\",\"https:\/\/www.linkedin.com\/company\/42463951\/admin\/feed\/posts\/\",\"https:\/\/www.instagram.com\/lanovatic\/\"]}]}<\/script>\n<!-- \/ Yoast SEO plugin. -->","yoast_head_json":{"title":"Case studies - LANOVATIC","robots":{"index":"index","follow":"follow","max-snippet":"max-snippet:-1","max-image-preview":"max-image-preview:large","max-video-preview":"max-video-preview:-1"},"canonical":"https:\/\/lanovatic.com\/fr\/case-studies\/","og_locale":"fr_FR","og_type":"article","og_title":"Case studies - LANOVATIC","og_description":"Featured case studies","og_url":"https:\/\/lanovatic.com\/fr\/case-studies\/","og_site_name":"LANOVATIC","article_publisher":"https:\/\/www.facebook.com\/lanovatic.inc","twitter_card":"summary_large_image","twitter_site":"@lanovatic","schema":{"@context":"https:\/\/schema.org","@graph":[{"@type":"WebPage","@id":"https:\/\/lanovatic.com\/case-studies\/","url":"https:\/\/lanovatic.com\/case-studies\/","name":"Case studies - LANOVATIC","isPartOf":{"@id":"http:\/\/lanovatic.com\/#website"},"datePublished":"2023-03-09T12:56:04+00:00","dateModified":"2023-03-09T12:56:04+00:00","breadcrumb":{"@id":"https:\/\/lanovatic.com\/case-studies\/#breadcrumb"},"inLanguage":"fr-FR","potentialAction":[{"@type":"ReadAction","target":["https:\/\/lanovatic.com\/case-studies\/"]}]},{"@type":"BreadcrumbList","@id":"https:\/\/lanovatic.com\/case-studies\/#breadcrumb","itemListElement":[{"@type":"ListItem","position":1,"name":"Home","item":"https:\/\/lanovatic.com\/fr\/"},{"@type":"ListItem","position":2,"name":"Case studies"}]},{"@type":"WebSite","@id":"http:\/\/lanovatic.com\/#website","url":"http:\/\/lanovatic.com\/","name":"LANOVATIC","description":"Innovate with LANOVATIC: Where Ideas Take Flight!","publisher":{"@id":"http:\/\/lanovatic.com\/#organization"},"potentialAction":[{"@type":"SearchAction","target":{"@type":"EntryPoint","urlTemplate":"http:\/\/lanovatic.com\/?s={search_term_string}"},"query-input":"required name=search_term_string"}],"inLanguage":"fr-FR"},{"@type":"Organization","@id":"http:\/\/lanovatic.com\/#organization","name":"LANOVATIC","url":"http:\/\/lanovatic.com\/","logo":{"@type":"ImageObject","inLanguage":"fr-FR","@id":"http:\/\/lanovatic.com\/#\/schema\/logo\/image\/","url":"https:\/\/lanovatic.com\/wp-content\/uploads\/2023\/03\/output-onlinepngtools.png","contentUrl":"https:\/\/lanovatic.com\/wp-content\/uploads\/2023\/03\/output-onlinepngtools.png","width":828,"height":246,"caption":"LANOVATIC"},"image":{"@id":"http:\/\/lanovatic.com\/#\/schema\/logo\/image\/"},"sameAs":["https:\/\/www.facebook.com\/lanovatic.inc","https:\/\/x.com\/lanovatic","https:\/\/www.linkedin.com\/company\/42463951\/admin\/feed\/posts\/","https:\/\/www.instagram.com\/lanovatic\/"]}]}},"_links":{"self":[{"href":"https:\/\/lanovatic.com\/fr\/wp-json\/wp\/v2\/pages\/97"}],"collection":[{"href":"https:\/\/lanovatic.com\/fr\/wp-json\/wp\/v2\/pages"}],"about":[{"href":"https:\/\/lanovatic.com\/fr\/wp-json\/wp\/v2\/types\/page"}],"author":[{"embeddable":true,"href":"https:\/\/lanovatic.com\/fr\/wp-json\/wp\/v2\/users\/5"}],"replies":[{"embeddable":true,"href":"https:\/\/lanovatic.com\/fr\/wp-json\/wp\/v2\/comments?post=97"}],"version-history":[{"count":2,"href":"https:\/\/lanovatic.com\/fr\/wp-json\/wp\/v2\/pages\/97\/revisions"}],"predecessor-version":[{"id":988241,"href":"https:\/\/lanovatic.com\/fr\/wp-json\/wp\/v2\/pages\/97\/revisions\/988241"}],"wp:attachment":[{"href":"https:\/\/lanovatic.com\/fr\/wp-json\/wp\/v2\/media?parent=97"}],"curies":[{"name":"wp","href":"https:\/\/api.w.org\/{rel}","templated":true}]}}